{"id":16,"date":"2020-12-10T18:02:22","date_gmt":"2020-12-10T18:02:22","guid":{"rendered":"https:\/\/rutishauser-guitars.ch\/?page_id=16"},"modified":"2022-11-08T21:21:46","modified_gmt":"2022-11-08T21:21:46","slug":"startseite","status":"publish","type":"page","link":"https:\/\/rutishauser-guitars.ch\/","title":{"rendered":"What ever turns you on"},"content":{"rendered":"\n<p><\/p>\n\n\n\n<div class=\"wp-container-2 wp-block-columns\">\n<div class=\"wp-container-1 wp-block-column\" style=\"flex-basis:100%\">\n<p id=\"tw-target-text\">Alle unsere Produkte werden aus den besten verf\u00fcgbaren Materialien hergestellt. Unsere Kombination aus erstklassiger Handwerkskunst und kreative Individualisierung f\u00fchrt zu einem unvergleichlichen Instrument mit legend\u00e4rem Klang und Qualit\u00e4t. Wir sind sicher, dass Sie bei uns den Sound finden werden, der zu Ihnen passt.<\/p>\n<\/div>\n<\/div>\n\n\n\n<p><\/p>\n","protected":false},"excerpt":{"rendered":"<p>Alle unsere Produkte werden aus den besten verf\u00fcgbaren Materialien hergestellt. Unsere Kombination aus erstklassiger Handwerkskunst und kreative Individualisierung f\u00fchrt zu einem unvergleichlichen Instrument mit legend\u00e4rem Klang und Qualit\u00e4t. Wir sind sicher, dass Sie bei uns den Sound finden werden, der zu Ihnen passt.<\/p>\n","protected":false},"author":1,"featured_media":0,"parent":0,"menu_order":0,"comment_status":"closed","ping_status":"closed","template":"","meta":[],"yoast_head":"<!-- This site is optimized with the Yoast SEO plugin v19.2 - https:\/\/yoast.com\/wordpress\/plugins\/seo\/ -->\n<title>What ever turns you on - Rutishauser-Guitars<\/title>\n<meta name=\"robots\" content=\"index, follow, max-snippet:-1, max-image-preview:large, max-video-preview:-1\" \/>\n<link rel=\"canonical\" href=\"https:\/\/rutishauser-guitars.ch\/\" \/>\n<meta property=\"og:locale\" content=\"de_DE\" \/>\n<meta property=\"og:type\" content=\"article\" \/>\n<meta property=\"og:title\" content=\"What ever turns you on - Rutishauser-Guitars\" \/>\n<meta property=\"og:description\" content=\"Alle unsere Produkte werden aus den besten verf\u00fcgbaren Materialien hergestellt. Unsere Kombination aus erstklassiger Handwerkskunst und kreative Individualisierung f\u00fchrt zu einem unvergleichlichen Instrument mit legend\u00e4rem Klang und Qualit\u00e4t. Wir sind sicher, dass Sie bei uns den Sound finden werden, der zu Ihnen passt.\" \/>\n<meta property=\"og:url\" content=\"https:\/\/rutishauser-guitars.ch\/\" \/>\n<meta property=\"og:site_name\" content=\"Rutishauser-Guitars\" \/>\n<meta property=\"article:modified_time\" content=\"2022-11-08T21:21:46+00:00\" \/>\n<meta name=\"author\" content=\"admin\" \/>\n<meta name=\"twitter:card\" content=\"summary_large_image\" \/>\n<meta name=\"twitter:label1\" content=\"Gesch\u00e4tzte Lesezeit\" \/>\n\t<meta name=\"twitter:data1\" content=\"1\u00a0Minute\" \/>\n<script type=\"application\/ld+json\" class=\"yoast-schema-graph\">{\"@context\":\"https:\/\/schema.org\",\"@graph\":[{\"@type\":\"WebSite\",\"@id\":\"https:\/\/rutishauser-guitars.ch\/#website\",\"url\":\"https:\/\/rutishauser-guitars.ch\/\",\"name\":\"Rutishauser-Guitars\",\"description\":\"Whatever turns you on\",\"potentialAction\":[{\"@type\":\"SearchAction\",\"target\":{\"@type\":\"EntryPoint\",\"urlTemplate\":\"https:\/\/rutishauser-guitars.ch\/?s={search_term_string}\"},\"query-input\":\"required name=search_term_string\"}],\"inLanguage\":\"de\"},{\"@type\":\"WebPage\",\"@id\":\"https:\/\/rutishauser-guitars.ch\/#webpage\",\"url\":\"https:\/\/rutishauser-guitars.ch\/\",\"name\":\"What ever turns you on - Rutishauser-Guitars\",\"isPartOf\":{\"@id\":\"https:\/\/rutishauser-guitars.ch\/#website\"},\"datePublished\":\"2020-12-10T18:02:22+00:00\",\"dateModified\":\"2022-11-08T21:21:46+00:00\",\"breadcrumb\":{\"@id\":\"https:\/\/rutishauser-guitars.ch\/#breadcrumb\"},\"inLanguage\":\"de\",\"potentialAction\":[{\"@type\":\"ReadAction\",\"target\":[\"https:\/\/rutishauser-guitars.ch\/\"]}]},{\"@type\":\"BreadcrumbList\",\"@id\":\"https:\/\/rutishauser-guitars.ch\/#breadcrumb\",\"itemListElement\":[{\"@type\":\"ListItem\",\"position\":1,\"name\":\"Home\",\"item\":\"https:\/\/rutishauser-guitars.ch\/\"},{\"@type\":\"ListItem\",\"position\":2,\"name\":\"What ever turns you on\"}]}]}<\/script>\n<!-- \/ Yoast SEO plugin. -->","yoast_head_json":{"title":"What ever turns you on - Rutishauser-Guitars","robots":{"index":"index","follow":"follow","max-snippet":"max-snippet:-1","max-image-preview":"max-image-preview:large","max-video-preview":"max-video-preview:-1"},"canonical":"https:\/\/rutishauser-guitars.ch\/","og_locale":"de_DE","og_type":"article","og_title":"What ever turns you on - Rutishauser-Guitars","og_description":"Alle unsere Produkte werden aus den besten verf\u00fcgbaren Materialien hergestellt. Unsere Kombination aus erstklassiger Handwerkskunst und kreative Individualisierung f\u00fchrt zu einem unvergleichlichen Instrument mit legend\u00e4rem Klang und Qualit\u00e4t. Wir sind sicher, dass Sie bei uns den Sound finden werden, der zu Ihnen passt.","og_url":"https:\/\/rutishauser-guitars.ch\/","og_site_name":"Rutishauser-Guitars","article_modified_time":"2022-11-08T21:21:46+00:00","author":"admin","twitter_card":"summary_large_image","twitter_misc":{"Gesch\u00e4tzte Lesezeit":"1\u00a0Minute"},"schema":{"@context":"https:\/\/schema.org","@graph":[{"@type":"WebSite","@id":"https:\/\/rutishauser-guitars.ch\/#website","url":"https:\/\/rutishauser-guitars.ch\/","name":"Rutishauser-Guitars","description":"Whatever turns you on","potentialAction":[{"@type":"SearchAction","target":{"@type":"EntryPoint","urlTemplate":"https:\/\/rutishauser-guitars.ch\/?s={search_term_string}"},"query-input":"required name=search_term_string"}],"inLanguage":"de"},{"@type":"WebPage","@id":"https:\/\/rutishauser-guitars.ch\/#webpage","url":"https:\/\/rutishauser-guitars.ch\/","name":"What ever turns you on - Rutishauser-Guitars","isPartOf":{"@id":"https:\/\/rutishauser-guitars.ch\/#website"},"datePublished":"2020-12-10T18:02:22+00:00","dateModified":"2022-11-08T21:21:46+00:00","breadcrumb":{"@id":"https:\/\/rutishauser-guitars.ch\/#breadcrumb"},"inLanguage":"de","potentialAction":[{"@type":"ReadAction","target":["https:\/\/rutishauser-guitars.ch\/"]}]},{"@type":"BreadcrumbList","@id":"https:\/\/rutishauser-guitars.ch\/#breadcrumb","itemListElement":[{"@type":"ListItem","position":1,"name":"Home","item":"https:\/\/rutishauser-guitars.ch\/"},{"@type":"ListItem","position":2,"name":"What ever turns you on"}]}]}},"_links":{"self":[{"href":"https:\/\/rutishauser-guitars.ch\/index.php?rest_route=\/wp\/v2\/pages\/16"}],"collection":[{"href":"https:\/\/rutishauser-guitars.ch\/index.php?rest_route=\/wp\/v2\/pages"}],"about":[{"href":"https:\/\/rutishauser-guitars.ch\/index.php?rest_route=\/wp\/v2\/types\/page"}],"author":[{"embeddable":true,"href":"https:\/\/rutishauser-guitars.ch\/index.php?rest_route=\/wp\/v2\/users\/1"}],"replies":[{"embeddable":true,"href":"https:\/\/rutishauser-guitars.ch\/index.php?rest_route=%2Fwp%2Fv2%2Fcomments&post=16"}],"version-history":[{"count":9,"href":"https:\/\/rutishauser-guitars.ch\/index.php?rest_route=\/wp\/v2\/pages\/16\/revisions"}],"predecessor-version":[{"id":185,"href":"https:\/\/rutishauser-guitars.ch\/index.php?rest_route=\/wp\/v2\/pages\/16\/revisions\/185"}],"wp:attachment":[{"href":"https:\/\/rutishauser-guitars.ch\/index.php?rest_route=%2Fwp%2Fv2%2Fmedia&parent=16"}],"curies":[{"name":"wp","href":"https:\/\/api.w.org\/{rel}","templated":true}]}}